{"id":18087,"date":"2018-01-15T17:07:36","date_gmt":"2018-01-15T16:07:36","guid":{"rendered":"https:\/\/www.mauriziotoni.com\/informativa-cookies\/"},"modified":"2019-10-28T16:10:07","modified_gmt":"2019-10-28T15:10:07","slug":"informativa-cookies","status":"publish","type":"page","link":"https:\/\/www.mauriziotoni.com\/en\/informativa-cookies\/","title":{"rendered":"Privacy e cookies policies"},"content":{"rendered":"<div class=\"wpb-content-wrapper\"><p>[vc_row css_animation=&#8221;&#8221; row_type=&#8221;row&#8221; use_row_as_full_screen_section=&#8221;no&#8221; type=&#8221;full_width&#8221; angled_section=&#8221;no&#8221; text_align=&#8221;left&#8221; background_image_as_pattern=&#8221;without_pattern&#8221;][vc_column][vc_column_text]Desideriamo informarla che il \u201cRegolamento Europeo 2016\/679 relativo alla protezione delle persone fisiche con riguardo al Trattamento dei Dati Personali, nonch\u00e9 alla libera circolazione di tali dati\u201d (da ora in poi \u201cGDPR\u201d) prevede la tutela delle persone e di altri soggetti rispetto al trattamento dei dati personali.<\/p>\n<p><strong>TONI MAURIZIO,<\/strong> in qualit\u00e0 di \u201cTitolare\u201d del trattamento, ai sensi dell\u2019art. 13 del GDPR, pertanto, Le fornisce le seguenti informazioni:<\/p>\n<ol>\n<li><strong>CATEGORIE DI DATI:<\/strong> <strong>TONI MAURIZIO<\/strong>\u00a0tratter\u00e0 le seguenti tipologie di dati personali:\n<ol>\n<li><strong>Dati raccolti in automatico:<\/strong><br \/>\ni sistemi informatici alla base di questo sito web rilevano, nel corso del loro normale funzionamento, alcuni dati (la cui trasmissione \u00e8 implicita nell\u2019uso dei protocolli di comunicazione di Internet) potenzialmente associati ad utenti identificabili.<br \/>\nTra i dati raccolti, sono compresi gli indirizzi IP dei dispositivi utilizzati dagli utenti che si connettono al sito, gli indirizzi URI (Uniform Resource Identifier) delle risorse richieste, l\u2019orario della richiesta, il metodo utilizzato nel sottoporre la richiesta al server, la dimensione del file ottenuto in risposta, il codice numerico indicante lo stato della risposta data dal server (buon fine, errore, ecc.) ed altri parametri riguardanti il sistema operativo, il browser e l\u2019ambiente informatico utilizzato dall\u2019utente.<br \/>\nQuesti dati vengono trattati, per il tempo strettamente necessario, al solo fine di ricavare informazioni statistiche sull\u2019uso del sito e per controllarne il regolare funzionamento. Il conferimento di tali dati \u00e8 obbligatorio in quanto direttamente collegato all\u2019esperienza di navigazione web.<\/li>\n<li><strong>Dati forniti volontariamente dall\u2019utente.<\/strong><br \/>\nQuesti dati possono essere conferiti tramite l\u2019invio volontario ed esplicito di messaggi di posta elettronica agli indirizzi indicati nelle pagine di questo sito. Queste operazioni non comportano richiesta di consenso.<br \/>\nAl contrario, specifiche informative di sintesi saranno riportate o visualizzate nelle pagine del sito predisposte per particolari servizi a richiesta (form). L\u2019utente dovr\u00e0 pertanto acconsentire esplicitamente all\u2019utilizzo dei dati riportati in questi form per poter inviare la richiesta, che comporter\u00e0 la successiva acquisizione dell\u2019indirizzo e dei dati del mittente, necessari per rispondere alle comunicazioni inviate e\/o erogare il servizio richiesto.<\/li>\n<li><strong>Cookies.<\/strong><br \/>\nQuesto sito utilizza cookie. I dati raccolti grazie ai cookie possono servire per accedere a delle parti del sito o per fini statistici o per rendere l\u2019esperienza di navigazione pi\u00f9 piacevole e pi\u00f9 efficiente in futuro. Per maggiori informazioni \u00e8 disponibile una apposita\u00a0cookie policy (vedi sotto).<\/li>\n<\/ol>\n<\/li>\n<li><strong>FONTE DEI DATI PERSONALI<\/strong>: I dati personali di cui <strong>TONI MAURIZIO<\/strong>\u00a0sar\u00e0 in possesso sono raccolti direttamente dall\u2019interessato all\u2019atto della compilazione del form dei contatti \/ invio mail.<\/li>\n<li><strong>DATI DI CONTATTO DEL D.P.O.<\/strong>: ai sensi dell\u2019art. 37, primo paragrafo, del GDPR, <strong>TONI MAURIZIO\u00a0<\/strong>non \u00e8 obbligato ad istituire un D.P.O.<\/li>\n<li><strong>TITOLARE DEL TRATTAMENTO<\/strong>: Il titolare del trattamento \u00e8 <strong>TONI MAURIZIO<\/strong><strong>\u00a0<\/strong>Sede Legale Via L. Albertini 36\/ D5 (Gross Ancona) &#8211; 60131 Ancona, ITALIA &#8211; Tel. +39.071.2916349 &#8211; Cell. +39.333.9462550 &#8211; mail: info@mauriziotoni.com &#8211; PI 02235830425<\/li>\n<li><strong>FINALIT\u00c0 DI TRATTAMENTO DEI DATI E BASE GIURIDICA<\/strong>: Il trattamento dei Suoi dati, ha come base giuridica il suo consenso ed \u00e8 effettuato per le seguenti finalit\u00e0:\n<ol>\n<li>Migliorare l\u2019esperienza di navigazione web;<\/li>\n<li>inviare comunicazioni di tipo formativo, informativo e commerciale, in risposta alle specifiche richieste inviate via mail \/ form;<\/li>\n<li>procedere con l\u2019iscrizione alla newsletter (in prsenza di esplicito consenso);<\/li>\n<li>Valutare il comportamento degli utenti e modificare la proposizione di offerta dei contenuti in funzione del loro comportamento (cookie).<\/li>\n<\/ol>\n<\/li>\n<li><strong>DESTINATARI DEI DATI<\/strong>: Nei limiti pertinenti alle finalit\u00e0 di trattamento indicate, i Suoi dati potranno essere comunicati a partner, societ\u00e0 di consulenza, aziende private, nominati Responsabili dal Titolare del Trattamento. I Suoi dati non saranno in alcun modo oggetto di diffusione. I Responsabili e gli Incaricati del trattamento in carica sono indicati nel Documento sulla Privacy, aggiornato con cadenza periodica.<\/li>\n<li><strong>TRASFERIMENTO DEI DATI ALL\u2019ESTERO<\/strong>: i dati raccolti non saranno oggetto di trasferimento all\u2019estero.<\/li>\n<li><strong>PERIODO DI CONSERVAZIONE<\/strong>: I dati raccolti verranno conservati per un arco di tempo non superiore al conseguimento delle finalit\u00e0 per le quali sono trattati (\u201cprincipio di limitazione della conservazione\u201d, art.5, GDPR) o in base alle scadenze previste dalle norme di legge. La verifica sulla obsolescenza dei dati conservati in relazione alle finalit\u00e0 per cui sono stati raccolti viene effettuata periodicamente.<\/li>\n<li><strong>DIRITTI DELL\u2019INTERESSATO:<\/strong>\u00a0L\u2019interessato ha sempre diritto a richiedere al Titolare l\u2019accesso ai Suoi dati, la rettifica o la cancellazione degli stessi, la limitazione del trattamento o la possibilit\u00e0 di opporsi al trattamento, di richiedere la portabilit\u00e0 dei dati, di revocare il consenso al trattamento facendo valere questi e gli altri diritti previsti dal GDPR tramite semplice comunicazione al Titolare. L\u2018interessato pu\u00f2 proporre reclamo anche a un\u2019autorit\u00e0 di controllo.<\/li>\n<li><strong>OBBLIGATORIET\u00c0 O MENO DEL CONFERIMENTO DATI:<\/strong>\u00a0La informiamo che il conferimento dei dati \u00e8 per alcuni campi facoltativo e per altri (segnalati da un asterisco) obbligatorio e il mancato conferimento dei dati obbligatori non permette l\u2019invio del form.<\/li>\n<li><strong>OBBLIGATORIET\u00c0 DEL CONSENSO:<\/strong>\u00a0La prestazione del consenso al trattamento dati tramite apposita spunta \u00e8 facoltativa, ma indispensabile per procedere con l\u2019invio del form.<\/li>\n<li><strong>MODALIT\u00c0 DI TRATTAMENTO DEI DATI:<\/strong>\u00a0I dati personali da Lei forniti, formeranno oggetto di operazioni di trattamento nel rispetto della normativa sopracitata e degli obblighi di riservatezza cui \u00e8 ispirata l\u2019attivit\u00e0 del Titolare. I dati verranno trattati sia con strumenti informatici sia su supporti cartacei sia su ogni altro tipo di supporto idoneo, nel rispetto di adeguate misure tecniche ed organizzative di sicurezza previste dal GDPR.<\/li>\n<\/ol>\n<p>[\/vc_column_text][vc_column_text css=&#8221;.vc_custom_1527176302520{margin-top: 30px !important;}&#8221;]<\/p>\n<p><b>Informativa privacy su operativit\u00e0 dei cookies \u2013 Art. 13 Codice della privacy<\/b><\/p>\n<p>Il sito \u00e8 stato realizzato con WordPress! che utilizza solo cookies tecnici, indispensabili per il funzionamento del sito. Questo tipo di cookies non necessita del consenso dei navigatori. Mentre utilizziamo cookies di terze parti per raccogliere informazioni statistiche (Google Analytics). Questo tipo di cookies necessita del consenso dei navigatori. Il consenso si intende accordato anche in modo implicito se l&#8217;utente prosegue la sua navigazione nel sito.<\/p>\n<p>I cookies sono dei semplici file di testo non necessariamente invasivi. Per esempio se clicchi nel pulsante OK, ho capito! un cookie si installer\u00e0 nel tuo browser e il sistema sar\u00e0 in grado di capire che tu hai gi\u00e0 letto queste note o che comunque conosci la materia ed eviter\u00e0 cos\u00ec di mostrarti questo fastidioso avviso tutte le volte che cambierai pagina o nelle visite successive al nostro sito.<\/p>\n<p>Per maggiori informazioni sui cookies di Google analitcs\u00a0<a href=\"http:\/\/www.google.com\/intl\/it_ALL\/analytics\/learn\/privacy.html\" target=\"_blank\" rel=\"noopener\">clicca qui<\/a><\/p>\n<p>Visita\u00a0<a href=\"http:\/\/www.aboutcookies.org\/\" target=\"_blank\" rel=\"noopener\">AboutCookies.org<\/a>\u00a0per ulteriori informazioni sui cookies e su come influenzano la tua esperienza di navigazione.<\/p>\n<p><strong>\u00c8 comunque possibile disabilitare i cookies direttamente dal proprio browser.<\/strong><\/p>\n<p>Per informazioni pi\u00f9 dettagliate in riferimento alle opzioni di disabilitazione dei cookies ecco l&#8217;elenco dei link per la configurazione dei browser.<\/p>\n<p>Ulteriori informazioni sulla disabilitazione dei cookie su\u00a0<a href=\"https:\/\/support.mozilla.org\/it\/kb\/Attivare%20e%20disattivare%20i%20cookie\" target=\"_blank\" rel=\"noopener\">Firefox<br \/>\n<\/a>Ulteriori informazioni sulla disabilitazione dei cookie su\u00a0<a href=\"http:\/\/www.google.com\/policies\/technologies\/managing\/\" target=\"_blank\" rel=\"noopener\">Chrome<br \/>\n<\/a>Ulteriori informazioni sulla disabilitazione dei cookie su\u00a0<a href=\"http:\/\/windows.microsoft.com\/it-it\/internet-explorer\/delete-manage-cookies#ie=ie-11\" target=\"_blank\" rel=\"noopener\">Internet Explorer<br \/>\n<\/a>Ulteriori informazioni sulla disabilitazione dei cookie su\u00a0<a href=\"https:\/\/support.apple.com\/it-it\/HT201265\" target=\"_blank\" rel=\"noopener\">Safari<br \/>\n<\/a>Ulteriori informazioni sulla disabilitazione dei cookie su\u00a0<a href=\"http:\/\/help.opera.com\/Mac\/12.10\/it\/cookies.html\" target=\"_blank\" rel=\"noopener\">Opera<\/a><\/p>\n<p>Se desideri eliminare i file cookies eventualmente gi\u00e0 presenti sul tuo computer, leggi le istruzioni del tuo browser cliccando sulla voce \u201cAiuto\u201d del relativo menu.[\/vc_column_text][\/vc_column][\/vc_row]<\/p>\n<\/div>","protected":false},"excerpt":{"rendered":"<p>[vc_row css_animation=&#8221;&#8221; row_type=&#8221;row&#8221; use_row_as_full_screen_section=&#8221;no&#8221; type=&#8221;full_width&#8221; angled_section=&#8221;no&#8221; text_align=&#8221;left&#8221; background_image_as_pattern=&#8221;without_pattern&#8221;][vc_column][vc_column_text]Desideriamo informarla che il \u201cRegolamento Europeo 2016\/679 relativo alla protezione delle persone fisiche con riguardo al Trattamento dei Dati Personali, nonch\u00e9 alla libera circolazione di tali dati\u201d (da ora in poi \u201cGDPR\u201d) prevede la tutela delle persone e&#8230;<\/p>\n","protected":false},"author":1,"featured_media":0,"parent":0,"menu_order":0,"comment_status":"closed","ping_status":"closed","template":"","meta":{"footnotes":""},"categories":[],"tags":[],"yoast_head":"<!-- This site is optimized with the Yoast SEO plugin v21.9.1 - https:\/\/yoast.com\/wordpress\/plugins\/seo\/ -->\n<title>Privacy e cookies policies - Maurizio Toni<\/title>\n<meta name=\"robots\" content=\"index, follow, max-snippet:-1, max-image-preview:large, max-video-preview:-1\" \/>\n<link rel=\"canonical\" href=\"https:\/\/www.mauriziotoni.com\/en\/informativa-cookies\/\" \/>\n<meta property=\"og:locale\" content=\"en_US\" \/>\n<meta property=\"og:type\" content=\"article\" \/>\n<meta property=\"og:title\" content=\"Privacy e cookies policies - Maurizio Toni\" \/>\n<meta property=\"og:description\" content=\"[vc_row css_animation=&#8221;&#8221; row_type=&#8221;row&#8221; use_row_as_full_screen_section=&#8221;no&#8221; type=&#8221;full_width&#8221; angled_section=&#8221;no&#8221; text_align=&#8221;left&#8221; background_image_as_pattern=&#8221;without_pattern&#8221;][vc_column][vc_column_text]Desideriamo informarla che il \u201cRegolamento Europeo 2016\/679 relativo alla protezione delle persone fisiche con riguardo al Trattamento dei Dati Personali, nonch\u00e9 alla libera circolazione di tali dati\u201d (da ora in poi \u201cGDPR\u201d) prevede la tutela delle persone e...\" \/>\n<meta property=\"og:url\" content=\"https:\/\/www.mauriziotoni.com\/en\/informativa-cookies\/\" \/>\n<meta property=\"og:site_name\" content=\"Maurizio Toni\" \/>\n<meta property=\"article:publisher\" content=\"https:\/\/www.facebook.com\/MaurizioToni.Photographer\" \/>\n<meta property=\"article:modified_time\" content=\"2019-10-28T15:10:07+00:00\" \/>\n<meta name=\"twitter:card\" content=\"summary_large_image\" \/>\n<meta name=\"twitter:label1\" content=\"Est. reading time\" \/>\n\t<meta name=\"twitter:data1\" content=\"6 minutes\" \/>\n<script type=\"application\/ld+json\" class=\"yoast-schema-graph\">{\"@context\":\"https:\/\/schema.org\",\"@graph\":[{\"@type\":\"WebPage\",\"@id\":\"https:\/\/www.mauriziotoni.com\/en\/informativa-cookies\/\",\"url\":\"https:\/\/www.mauriziotoni.com\/en\/informativa-cookies\/\",\"name\":\"Privacy e cookies policies - Maurizio Toni\",\"isPartOf\":{\"@id\":\"https:\/\/www.mauriziotoni.com\/en\/#website\"},\"datePublished\":\"2018-01-15T16:07:36+00:00\",\"dateModified\":\"2019-10-28T15:10:07+00:00\",\"breadcrumb\":{\"@id\":\"https:\/\/www.mauriziotoni.com\/en\/informativa-cookies\/#breadcrumb\"},\"inLanguage\":\"en-US\",\"potentialAction\":[{\"@type\":\"ReadAction\",\"target\":[\"https:\/\/www.mauriziotoni.com\/en\/informativa-cookies\/\"]}]},{\"@type\":\"BreadcrumbList\",\"@id\":\"https:\/\/www.mauriziotoni.com\/en\/informativa-cookies\/#breadcrumb\",\"itemListElement\":[{\"@type\":\"ListItem\",\"position\":1,\"name\":\"Home\",\"item\":\"https:\/\/www.mauriziotoni.com\/en\/\"},{\"@type\":\"ListItem\",\"position\":2,\"name\":\"Privacy e cookies policies\"}]},{\"@type\":\"WebSite\",\"@id\":\"https:\/\/www.mauriziotoni.com\/en\/#website\",\"url\":\"https:\/\/www.mauriziotoni.com\/en\/\",\"name\":\"Maurizio Toni\",\"description\":\"Photographer\",\"publisher\":{\"@id\":\"https:\/\/www.mauriziotoni.com\/en\/#organization\"},\"potentialAction\":[{\"@type\":\"SearchAction\",\"target\":{\"@type\":\"EntryPoint\",\"urlTemplate\":\"https:\/\/www.mauriziotoni.com\/en\/?s={search_term_string}\"},\"query-input\":\"required name=search_term_string\"}],\"inLanguage\":\"en-US\"},{\"@type\":\"Organization\",\"@id\":\"https:\/\/www.mauriziotoni.com\/en\/#organization\",\"name\":\"Maurizio Toni\",\"url\":\"https:\/\/www.mauriziotoni.com\/en\/\",\"logo\":{\"@type\":\"ImageObject\",\"inLanguage\":\"en-US\",\"@id\":\"https:\/\/www.mauriziotoni.com\/en\/#\/schema\/logo\/image\/\",\"url\":\"https:\/\/www.mauriziotoni.com\/wp-content\/uploads\/2018\/01\/mauriziotoni-logo.png\",\"contentUrl\":\"https:\/\/www.mauriziotoni.com\/wp-content\/uploads\/2018\/01\/mauriziotoni-logo.png\",\"width\":512,\"height\":512,\"caption\":\"Maurizio Toni\"},\"image\":{\"@id\":\"https:\/\/www.mauriziotoni.com\/en\/#\/schema\/logo\/image\/\"},\"sameAs\":[\"https:\/\/www.facebook.com\/MaurizioToni.Photographer\",\"https:\/\/www.instagram.com\/mauriziotoniphotographer\"]}]}<\/script>\n<!-- \/ Yoast SEO plugin. -->","yoast_head_json":{"title":"Privacy e cookies policies - Maurizio Toni","robots":{"index":"index","follow":"follow","max-snippet":"max-snippet:-1","max-image-preview":"max-image-preview:large","max-video-preview":"max-video-preview:-1"},"canonical":"https:\/\/www.mauriziotoni.com\/en\/informativa-cookies\/","og_locale":"en_US","og_type":"article","og_title":"Privacy e cookies policies - Maurizio Toni","og_description":"[vc_row css_animation=&#8221;&#8221; row_type=&#8221;row&#8221; use_row_as_full_screen_section=&#8221;no&#8221; type=&#8221;full_width&#8221; angled_section=&#8221;no&#8221; text_align=&#8221;left&#8221; background_image_as_pattern=&#8221;without_pattern&#8221;][vc_column][vc_column_text]Desideriamo informarla che il \u201cRegolamento Europeo 2016\/679 relativo alla protezione delle persone fisiche con riguardo al Trattamento dei Dati Personali, nonch\u00e9 alla libera circolazione di tali dati\u201d (da ora in poi \u201cGDPR\u201d) prevede la tutela delle persone e...","og_url":"https:\/\/www.mauriziotoni.com\/en\/informativa-cookies\/","og_site_name":"Maurizio Toni","article_publisher":"https:\/\/www.facebook.com\/MaurizioToni.Photographer","article_modified_time":"2019-10-28T15:10:07+00:00","twitter_card":"summary_large_image","twitter_misc":{"Est. reading time":"6 minutes"},"schema":{"@context":"https:\/\/schema.org","@graph":[{"@type":"WebPage","@id":"https:\/\/www.mauriziotoni.com\/en\/informativa-cookies\/","url":"https:\/\/www.mauriziotoni.com\/en\/informativa-cookies\/","name":"Privacy e cookies policies - Maurizio Toni","isPartOf":{"@id":"https:\/\/www.mauriziotoni.com\/en\/#website"},"datePublished":"2018-01-15T16:07:36+00:00","dateModified":"2019-10-28T15:10:07+00:00","breadcrumb":{"@id":"https:\/\/www.mauriziotoni.com\/en\/informativa-cookies\/#breadcrumb"},"inLanguage":"en-US","potentialAction":[{"@type":"ReadAction","target":["https:\/\/www.mauriziotoni.com\/en\/informativa-cookies\/"]}]},{"@type":"BreadcrumbList","@id":"https:\/\/www.mauriziotoni.com\/en\/informativa-cookies\/#breadcrumb","itemListElement":[{"@type":"ListItem","position":1,"name":"Home","item":"https:\/\/www.mauriziotoni.com\/en\/"},{"@type":"ListItem","position":2,"name":"Privacy e cookies policies"}]},{"@type":"WebSite","@id":"https:\/\/www.mauriziotoni.com\/en\/#website","url":"https:\/\/www.mauriziotoni.com\/en\/","name":"Maurizio Toni","description":"Photographer","publisher":{"@id":"https:\/\/www.mauriziotoni.com\/en\/#organization"},"potentialAction":[{"@type":"SearchAction","target":{"@type":"EntryPoint","urlTemplate":"https:\/\/www.mauriziotoni.com\/en\/?s={search_term_string}"},"query-input":"required name=search_term_string"}],"inLanguage":"en-US"},{"@type":"Organization","@id":"https:\/\/www.mauriziotoni.com\/en\/#organization","name":"Maurizio Toni","url":"https:\/\/www.mauriziotoni.com\/en\/","logo":{"@type":"ImageObject","inLanguage":"en-US","@id":"https:\/\/www.mauriziotoni.com\/en\/#\/schema\/logo\/image\/","url":"https:\/\/www.mauriziotoni.com\/wp-content\/uploads\/2018\/01\/mauriziotoni-logo.png","contentUrl":"https:\/\/www.mauriziotoni.com\/wp-content\/uploads\/2018\/01\/mauriziotoni-logo.png","width":512,"height":512,"caption":"Maurizio Toni"},"image":{"@id":"https:\/\/www.mauriziotoni.com\/en\/#\/schema\/logo\/image\/"},"sameAs":["https:\/\/www.facebook.com\/MaurizioToni.Photographer","https:\/\/www.instagram.com\/mauriziotoniphotographer"]}]}},"_links":{"self":[{"href":"https:\/\/www.mauriziotoni.com\/en\/wp-json\/wp\/v2\/pages\/18087"}],"collection":[{"href":"https:\/\/www.mauriziotoni.com\/en\/wp-json\/wp\/v2\/pages"}],"about":[{"href":"https:\/\/www.mauriziotoni.com\/en\/wp-json\/wp\/v2\/types\/page"}],"author":[{"embeddable":true,"href":"https:\/\/www.mauriziotoni.com\/en\/wp-json\/wp\/v2\/users\/1"}],"replies":[{"embeddable":true,"href":"https:\/\/www.mauriziotoni.com\/en\/wp-json\/wp\/v2\/comments?post=18087"}],"version-history":[{"count":1,"href":"https:\/\/www.mauriziotoni.com\/en\/wp-json\/wp\/v2\/pages\/18087\/revisions"}],"predecessor-version":[{"id":18109,"href":"https:\/\/www.mauriziotoni.com\/en\/wp-json\/wp\/v2\/pages\/18087\/revisions\/18109"}],"wp:attachment":[{"href":"https:\/\/www.mauriziotoni.com\/en\/wp-json\/wp\/v2\/media?parent=18087"}],"wp:term":[{"taxonomy":"category","embeddable":true,"href":"https:\/\/www.mauriziotoni.com\/en\/wp-json\/wp\/v2\/categories?post=18087"},{"taxonomy":"post_tag","embeddable":true,"href":"https:\/\/www.mauriziotoni.com\/en\/wp-json\/wp\/v2\/tags?post=18087"}],"curies":[{"name":"wp","href":"https:\/\/api.w.org\/{rel}","templated":true}]}}